{"id":30,"date":"2022-01-26T18:24:43","date_gmt":"2022-01-26T17:24:43","guid":{"rendered":"http:\/\/eidelstedter-buergerverein.de\/?page_id=30"},"modified":"2022-03-11T08:01:42","modified_gmt":"2022-03-11T07:01:42","slug":"gruenes-eidelstedt","status":"publish","type":"page","link":"https:\/\/eidelstedter-buergerverein.de\/?page_id=30","title":{"rendered":"Gr\u00fcnes Eidelstedt"},"content":{"rendered":"<div class=\"pt-cv-wrapper\"><div class=\"pt-cv-view pt-cv-grid pt-cv-colsys\" id=\"pt-cv-view-e2fb615qfy\"><div data-id=\"pt-cv-page-1\" class=\"pt-cv-page\" data-cvc=\"1\"><div class=\"col-md-12 col-sm-12 col-xs-12 pt-cv-content-item pt-cv-1-col\" ><div class='pt-cv-ifield'><a href=\"https:\/\/eidelstedter-buergerverein.de\/?p=17805\" class=\"_self pt-cv-href-thumbnail pt-cv-thumb-default\" target=\"_self\" ><img fetchpriority=\"high\" decoding=\"async\" width=\"300\" height=\"300\" src=\"https:\/\/eidelstedter-buergerverein.de\/wp-content\/uploads\/2025\/04\/DSC_0851-Kopie-300x300.jpg\" class=\"pt-cv-thumbnail\" alt=\"\" srcset=\"https:\/\/eidelstedter-buergerverein.de\/wp-content\/uploads\/2025\/04\/DSC_0851-Kopie-300x300.jpg 300w, https:\/\/eidelstedter-buergerverein.de\/wp-content\/uploads\/2025\/04\/DSC_0851-Kopie-150x150.jpg 150w, https:\/\/eidelstedter-buergerverein.de\/wp-content\/uploads\/2025\/04\/DSC_0851-Kopie-768x768.jpg 768w, https:\/\/eidelstedter-buergerverein.de\/wp-content\/uploads\/2025\/04\/DSC_0851-Kopie.jpg 800w\" sizes=\"(max-width: 300px) 100vw, 300px\" \/><\/a>\n<h4 class=\"pt-cv-title\"><a href=\"https:\/\/eidelstedter-buergerverein.de\/?p=17805\" class=\"_self\" target=\"_self\" >Was piepte denn da?<\/a><\/h4>\n<div class=\"pt-cv-content\">Vogelwelt in der Eidelstedter Feldmark Am Freitag, den 25.4.25, trafen sich um 17.30 Uhr Vogelinteressierte am Waldcaf\u00e9 Corell. Elf Leute kamen zusammen und wollten sich \u00fcber die Vogelwelt in der Feldmark informieren. Diese Exkursion hatte Stefan Wilke vom Eidelstedter B\u00fcrgerverein organisiert und als Sachverst\u00e4ndigen den ehrenamtlichen Hobbyornithologen Sebastian Draak vom Nabu engagiert. Als alle beisammen waren, ging es vom trubeligen Platz vor dem Waldcaf\u00e9 los, raus in die Stille der Feldmark, vorbei an der Pferdewiese. Dort fiel uns gleich eine Schar Stare auf, die mit gl\u00e4nzendem Gefieder zwischen den Beinen der Pferde hin und her stolzierten. \u201eSie sind dieses Jahr ...<br \/><div class=\"pt-cv-rmwrap\"><a href=\"https:\/\/eidelstedter-buergerverein.de\/?p=17805\" class=\"_self pt-cv-readmore btn btn-success\" target=\"_self\">Weiterlesen \u2026<\/a><\/div><\/div><\/div><\/div>\n<div class=\"col-md-12 col-sm-12 col-xs-12 pt-cv-content-item pt-cv-1-col\" ><div class='pt-cv-ifield'><a href=\"https:\/\/eidelstedter-buergerverein.de\/?p=16982\" class=\"_self pt-cv-href-thumbnail pt-cv-thumb-default\" target=\"_self\" ><\/a>\n<h4 class=\"pt-cv-title\"><a href=\"https:\/\/eidelstedter-buergerverein.de\/?p=16982\" class=\"_self\" target=\"_self\" >&#8222;Was singt denn da&#8220; in der Eidelstedter Feldmark?<\/a><\/h4>\n<div class=\"pt-cv-content\">Bei sonnigem Wetter fanden sich 11 Vogelinteressierte und 3 Mitglieder der NABU-Gruppe Eidelstedt Mitte April am Treffpunkt vor dem Schaukasten an der Elisabethkirche ein. Zu Beginn gab Frau Zacharias von der Friedhofsverwaltung der Ev.-Luth. Kirchengemeinde Eidelstedt eine kurze Einf\u00fchrung \u00fcber die Aspekte der Naturschutzarbeit auf dem Friedhof. Die vogelkundliche F\u00fchrung startete auch untermittelbar mit einem Gang \u00fcber den Friedhof. Dann ging es \u00fcber den D\u00f6rpsweg, die Eidelstedter Dorfstra\u00dfe entlang bis zur M\u00fchlenau und weiter bis zum Sola-Bona-Park. Bei der achtsamen Beobachtung der Vogelwelt in der Gruppe wurden folgende Vogelarten geh\u00f6rt oder beobachtet: Blau- und Kohlmeise, Ringeltaube, Fasan, Amsel, Rotkehlchen, Star, ...<br \/><div class=\"pt-cv-rmwrap\"><a href=\"https:\/\/eidelstedter-buergerverein.de\/?p=16982\" class=\"_self pt-cv-readmore btn btn-success\" target=\"_self\">Weiterlesen \u2026<\/a><\/div><\/div><\/div><\/div>\n<div class=\"col-md-12 col-sm-12 col-xs-12 pt-cv-content-item pt-cv-1-col\" ><div class='pt-cv-ifield'><a href=\"https:\/\/eidelstedter-buergerverein.de\/?p=16833\" class=\"_self pt-cv-href-thumbnail pt-cv-thumb-default\" target=\"_self\" ><img decoding=\"async\" width=\"300\" height=\"300\" src=\"https:\/\/eidelstedter-buergerverein.de\/wp-content\/uploads\/2022\/05\/IMGP1077-Kopie-300x300.jpg\" class=\"pt-cv-thumbnail\" alt=\"\" srcset=\"https:\/\/eidelstedter-buergerverein.de\/wp-content\/uploads\/2022\/05\/IMGP1077-Kopie-300x300.jpg 300w, https:\/\/eidelstedter-buergerverein.de\/wp-content\/uploads\/2022\/05\/IMGP1077-Kopie-150x150.jpg 150w, https:\/\/eidelstedter-buergerverein.de\/wp-content\/uploads\/2022\/05\/IMGP1077-Kopie-768x768.jpg 768w, https:\/\/eidelstedter-buergerverein.de\/wp-content\/uploads\/2022\/05\/IMGP1077-Kopie.jpg 800w\" sizes=\"(max-width: 300px) 100vw, 300px\" \/><\/a>\n<h4 class=\"pt-cv-title\"><a href=\"https:\/\/eidelstedter-buergerverein.de\/?p=16833\" class=\"_self\" target=\"_self\" >Freitag, 3. Mai &#8211; Ausflug in den Urwald<\/a><\/h4>\n<div class=\"pt-cv-content\">Diese Exkursion mit der Biologin Dr. Katharina Henne f\u00fchrt durch urt\u00fcmliche Buchen- und Eichenbest\u00e4nde. Der hohe Anteil an Alt- und Totholz sowie die eingestreuten Lichtungen, T\u00fcmpel und Bachl\u00e4ufe mit einer vielf\u00e4ltigen Tier- und Pflanzenwelt machen den Reiz dieses naturnahen Waldgebietes aus. Im Fr\u00fchling verwandeln Buschwindr\u00f6schen und Scharbockskraut den Laubwald in ein Bl\u00fctenmeer. Dar\u00fcber hinaus erf\u00e4hrt man entlang des historisch-\u00f6kologischen Erlebnispfades einiges \u00fcber die Stadtteilgeschichte von Ohlstedt und Wohldorf. Treffpunkt 15.45 Uhr am Ausgang der U-Bahn-Haltestelle Ohlstedt in Hamburg-Ohlstedt. In der N\u00e4he befinden sich einige Parkpl\u00e4tze. Der Treffpunkt ist ideal mit dem HVV \u00fcber die U-Bahnlinie1erreichbar. Bitte beachten: Die U1 f\u00e4hrt ...<br \/><div class=\"pt-cv-rmwrap\"><a href=\"https:\/\/eidelstedter-buergerverein.de\/?p=16833\" class=\"_self pt-cv-readmore btn btn-success\" target=\"_self\">Weiterlesen \u2026<\/a><\/div><\/div><\/div><\/div>\n<div class=\"col-md-12 col-sm-12 col-xs-12 pt-cv-content-item pt-cv-1-col\" ><div class='pt-cv-ifield'><a href=\"https:\/\/eidelstedter-buergerverein.de\/?p=13526\" class=\"_self pt-cv-href-thumbnail pt-cv-thumb-default\" target=\"_self\" ><img decoding=\"async\" width=\"300\" height=\"300\" src=\"https:\/\/eidelstedter-buergerverein.de\/wp-content\/uploads\/2022\/03\/Wilde-Kueche-1024x768-1-300x300.jpg\" class=\"pt-cv-thumbnail\" alt=\"\" srcset=\"https:\/\/eidelstedter-buergerverein.de\/wp-content\/uploads\/2022\/03\/Wilde-Kueche-1024x768-1-300x300.jpg 300w, https:\/\/eidelstedter-buergerverein.de\/wp-content\/uploads\/2022\/03\/Wilde-Kueche-1024x768-1-150x150.jpg 150w, https:\/\/eidelstedter-buergerverein.de\/wp-content\/uploads\/2022\/03\/Wilde-Kueche-1024x768-1-768x768.jpg 768w, https:\/\/eidelstedter-buergerverein.de\/wp-content\/uploads\/2022\/03\/Wilde-Kueche-1024x768-1.jpg 800w\" sizes=\"(max-width: 300px) 100vw, 300px\" \/><\/a>\n<h4 class=\"pt-cv-title\"><a href=\"https:\/\/eidelstedter-buergerverein.de\/?p=13526\" class=\"_self\" target=\"_self\" >Hamburgs wilde K\u00fcche<\/a><\/h4>\n<div class=\"pt-cv-content\">Sonnabend, 30. April - Wildkr\u00e4uter in der Feldmark Unter der fachkundigen F\u00fchrung von Katharina Henne, Biologin und Umweltp\u00e4dagin, nehmen wir essbare und giftige Kr\u00e4uter unter die Lupe. Bekannte und unbekannte Wildkr\u00e4uter k\u00f6nnen am Wegesrand mit allen Sinnen kennen gelernt werden. Am Schluss gegen 17.30 Uhr tauschen wir in netter Runde bei einer kleinen Verkostung von Kr\u00e4uter-K\u00f6stlichkeiten Tipps zur Ernte und Verarbeitung der verschiedenen Kr\u00e4uter aus. Es gibt f\u00fcr alle ein paar Rezepte, die zum Nachmachen mit nach Hause genommen werden k\u00f6nnen. Leckere Sachen aus der Feldmark - Dieses Jahr stehen wilde Kr\u00e4uter im Mittelpunkt Treffpunkt: Blitzeiche im Sola-Bona-Park um 15 ...<br \/><div class=\"pt-cv-rmwrap\"><a href=\"https:\/\/eidelstedter-buergerverein.de\/?p=13526\" class=\"_self pt-cv-readmore btn btn-success\" target=\"_self\">Weiterlesen \u2026<\/a><\/div><\/div><\/div><\/div><\/div><\/div><\/div>\n\n\n\n<p><\/p>\n","protected":false},"excerpt":{"rendered":"","protected":false},"author":1,"featured_media":0,"parent":0,"menu_order":0,"comment_status":"closed","ping_status":"closed","template":"","meta":{"footnotes":""},"class_list":["post-30","page","type-page","status-publish","hentry"],"_links":{"self":[{"href":"https:\/\/eidelstedter-buergerverein.de\/index.php?rest_route=\/wp\/v2\/pages\/30","targetHints":{"allow":["GET"]}}],"collection":[{"href":"https:\/\/eidelstedter-buergerverein.de\/index.php?rest_route=\/wp\/v2\/pages"}],"about":[{"href":"https:\/\/eidelstedter-buergerverein.de\/index.php?rest_route=\/wp\/v2\/types\/page"}],"author":[{"embeddable":true,"href":"https:\/\/eidelstedter-buergerverein.de\/index.php?rest_route=\/wp\/v2\/users\/1"}],"replies":[{"embeddable":true,"href":"https:\/\/eidelstedter-buergerverein.de\/index.php?rest_route=%2Fwp%2Fv2%2Fcomments&post=30"}],"version-history":[{"count":6,"href":"https:\/\/eidelstedter-buergerverein.de\/index.php?rest_route=\/wp\/v2\/pages\/30\/revisions"}],"predecessor-version":[{"id":12015,"href":"https:\/\/eidelstedter-buergerverein.de\/index.php?rest_route=\/wp\/v2\/pages\/30\/revisions\/12015"}],"wp:attachment":[{"href":"https:\/\/eidelstedter-buergerverein.de\/index.php?rest_route=%2Fwp%2Fv2%2Fmedia&parent=30"}],"curies":[{"name":"wp","href":"https:\/\/api.w.org\/{rel}","templated":true}]}}