{"id":18888,"date":"2026-04-04T15:42:28","date_gmt":"2026-04-04T13:42:28","guid":{"rendered":"https:\/\/eidelstedter-buergerverein.de\/?page_id=18888"},"modified":"2026-04-07T01:01:02","modified_gmt":"2026-04-06T23:01:02","slug":"termine-2026-q2","status":"publish","type":"page","link":"https:\/\/eidelstedter-buergerverein.de\/?page_id=18888","title":{"rendered":"Termine 2026 Q2"},"content":{"rendered":"\n<div class=\"wp-block-columns is-layout-flex wp-container-core-columns-is-layout-9d6595d7 wp-block-columns-is-layout-flex\">\n<div class=\"wp-block-column is-layout-flow wp-block-column-is-layout-flow\"><\/div>\n\n\n\n<div class=\"wp-block-column is-layout-flow wp-block-column-is-layout-flow\"><\/div>\n<\/div>\n\n\n\n<h2 class=\"wp-block-heading\">von April bis Juni 2026<\/h2>\n\n\n\n<div style=\"height:55px\" aria-hidden=\"true\" class=\"wp-block-spacer\"><\/div>\n\n\n\n<div class=\"wp-block-columns is-layout-flex wp-container-core-columns-is-layout-9d6595d7 wp-block-columns-is-layout-flex\">\n<div class=\"wp-block-column is-layout-flow wp-block-column-is-layout-flow\" style=\"flex-basis:33.33%\">\n<div class=\"wp-block-group\"><div class=\"wp-block-group__inner-container is-layout-flow wp-block-group-is-layout-flow\">\n<div class=\"wp-block-group\"><div class=\"wp-block-group__inner-container is-layout-flow wp-block-group-is-layout-flow\">\n<figure class=\"wp-block-image size-full is-resized is-style-default\"><img decoding=\"async\" src=\"https:\/\/eidelstedter-buergerverein.de\/wp-content\/uploads\/2018\/04\/platt.png\" alt=\"\" class=\"wp-image-6964\" style=\"width:225px;height:auto\"\/><figcaption class=\"wp-element-caption\">    <br>    <\/figcaption><\/figure>\n<\/div><\/div>\n<\/div><\/div>\n<\/div>\n\n\n\n<div class=\"wp-block-column is-layout-flow wp-block-column-is-layout-flow\" style=\"flex-basis:33.33%\">\n<div class=\"wp-block-group\"><div class=\"wp-block-group__inner-container is-layout-flow wp-block-group-is-layout-flow\">\n<p><strong>De Plattsnakker<\/strong>s<br><strong>Ab 8. April jeden 2. Mittwoch im Monat<\/strong><br><strong>18 Uhr<\/strong><br>Gemeindehaus Elisabethkirche<br>Seniorentreff, 1. Stock<br>Klaus-Peter Schulze<br>040 &#8211; 57 19 34 66<br>ebv-plattsnacker@t-online.de<br><strong>Gef\u00f6rdert durch das Bezirksamt Eimsb\u00fcttel<\/strong><\/p>\n\n\n\n<figure class=\"wp-block-image size-large\"><img fetchpriority=\"high\" decoding=\"async\" width=\"1024\" height=\"438\" src=\"https:\/\/eidelstedter-buergerverein.de\/wp-content\/uploads\/2025\/09\/Bezirksamt_Eimsbuettel_RGB-002-3-1024x438.png\" alt=\"\" class=\"wp-image-18204\" srcset=\"https:\/\/eidelstedter-buergerverein.de\/wp-content\/uploads\/2025\/09\/Bezirksamt_Eimsbuettel_RGB-002-3-1024x438.png 1024w, https:\/\/eidelstedter-buergerverein.de\/wp-content\/uploads\/2025\/09\/Bezirksamt_Eimsbuettel_RGB-002-3-300x128.png 300w, https:\/\/eidelstedter-buergerverein.de\/wp-content\/uploads\/2025\/09\/Bezirksamt_Eimsbuettel_RGB-002-3-768x329.png 768w, https:\/\/eidelstedter-buergerverein.de\/wp-content\/uploads\/2025\/09\/Bezirksamt_Eimsbuettel_RGB-002-3-1320x565.png 1320w, https:\/\/eidelstedter-buergerverein.de\/wp-content\/uploads\/2025\/09\/Bezirksamt_Eimsbuettel_RGB-002-3.png 1381w\" sizes=\"(max-width: 1024px) 100vw, 1024px\" \/><\/figure>\n<\/div><\/div>\n<\/div>\n\n\n\n<div class=\"wp-block-column is-layout-flow wp-block-column-is-layout-flow\" style=\"flex-basis:33.33%\">\n<div class=\"wp-block-group\"><div class=\"wp-block-group__inner-container is-layout-flow wp-block-group-is-layout-flow\">\n<p><strong>Wi snackt platt!<\/strong><br>Wi, de Plattsnacker, su\u0308nd een lu\u0308tten Krink un drapt uns jeeden tweeten Middeweken in<br>Maand, Klock s\u00f6ben in Gemeendhuus vun<br>de Elisabeth-Kark. Wi all su\u0308nd nich perfekt, wi all \u00f6vt noch. Aver dat mookt veel Spoo\u00df un Vergn\u00f6gen. Bes\u00f6\u00f6kt uns doch mol, or schrievt een Mail. Ji k\u00f6\u00f6nt aver ok anropen. Ik frei mi.<br>Vun Harten willkamen!<br>Klaus-Peter <\/p>\n\n\n\n<p><\/p>\n<\/div><\/div>\n<\/div>\n<\/div>\n\n\n\n<div class=\"wp-block-columns is-layout-flex wp-container-core-columns-is-layout-9d6595d7 wp-block-columns-is-layout-flex\">\n<div class=\"wp-block-column is-layout-flow wp-block-column-is-layout-flow\"><\/div>\n\n\n\n<div class=\"wp-block-column is-layout-flow wp-block-column-is-layout-flow\"><\/div>\n<\/div>\n\n\n\n<div class=\"wp-block-columns is-layout-flex wp-container-core-columns-is-layout-9d6595d7 wp-block-columns-is-layout-flex\">\n<div class=\"wp-block-column is-layout-flow wp-block-column-is-layout-flow\" style=\"flex-basis:33.33%\">\n<div class=\"wp-block-group\"><div class=\"wp-block-group__inner-container is-layout-flow wp-block-group-is-layout-flow\">\n<figure class=\"wp-block-image size-full is-resized is-style-default\"><img decoding=\"async\" width=\"155\" height=\"155\" src=\"https:\/\/eidelstedter-buergerverein.de\/wp-content\/uploads\/2025\/05\/spiele_rund.png\" alt=\"\" class=\"wp-image-17837\" style=\"width:225px;height:225px\" srcset=\"https:\/\/eidelstedter-buergerverein.de\/wp-content\/uploads\/2025\/05\/spiele_rund.png 155w, https:\/\/eidelstedter-buergerverein.de\/wp-content\/uploads\/2025\/05\/spiele_rund-150x150.png 150w\" sizes=\"(max-width: 155px) 100vw, 155px\" \/><figcaption class=\"wp-element-caption\">     <br>    <\/figcaption><\/figure>\n<\/div><\/div>\n<\/div>\n\n\n\n<div class=\"wp-block-column is-layout-flow wp-block-column-is-layout-flow\" style=\"flex-basis:33.33%\">\n<div class=\"wp-block-group\"><div class=\"wp-block-group__inner-container is-layout-flow wp-block-group-is-layout-flow\">\n<p><strong>Spielenachmittag<\/strong><br><strong>Ab 9. April jeden 2. und 4. Donnerstag im Monat<br>14.30 &#8211; 17 Uhr<\/strong><br>Gemeindehaus Elisabethkirche<br>Seniorentreff, 1. Stock<br>Sigrid Irriger<br>0176 23 71 07 18<br><strong>Gef\u00f6rdert durch das Bezirksamt Eimsb\u00fcttel<\/strong><\/p>\n\n\n\n<figure class=\"wp-block-image size-large\"><img decoding=\"async\" width=\"1024\" height=\"438\" src=\"https:\/\/eidelstedter-buergerverein.de\/wp-content\/uploads\/2025\/09\/Bezirksamt_Eimsbuettel_RGB-002-4-1024x438.png\" alt=\"\" class=\"wp-image-18205\" srcset=\"https:\/\/eidelstedter-buergerverein.de\/wp-content\/uploads\/2025\/09\/Bezirksamt_Eimsbuettel_RGB-002-4-1024x438.png 1024w, https:\/\/eidelstedter-buergerverein.de\/wp-content\/uploads\/2025\/09\/Bezirksamt_Eimsbuettel_RGB-002-4-300x128.png 300w, https:\/\/eidelstedter-buergerverein.de\/wp-content\/uploads\/2025\/09\/Bezirksamt_Eimsbuettel_RGB-002-4-768x329.png 768w, https:\/\/eidelstedter-buergerverein.de\/wp-content\/uploads\/2025\/09\/Bezirksamt_Eimsbuettel_RGB-002-4-1320x565.png 1320w, https:\/\/eidelstedter-buergerverein.de\/wp-content\/uploads\/2025\/09\/Bezirksamt_Eimsbuettel_RGB-002-4.png 1381w\" sizes=\"(max-width: 1024px) 100vw, 1024px\" \/><\/figure>\n<\/div><\/div>\n<\/div>\n\n\n\n<div class=\"wp-block-column is-layout-flow wp-block-column-is-layout-flow\" style=\"flex-basis:33.33%\">\n<div class=\"wp-block-group\"><div class=\"wp-block-group__inner-container is-layout-flow wp-block-group-is-layout-flow\">\n<p><strong>Entdecke das Kind in dir<\/strong><br>Unter der Leitung von Sigrid Irriger treffen sich Menschen aus dem Stadtteil zum Spielen. Eine Runde \u201eMensch \u00e4rgere dich nicht\u201c, \u201eMau-Mau\u201c oder \u201eUno\u201c hat jedem noch so tru\u0308ben Tag Heiterkeit verliehen, <span><a onclick=\"read_toggle(2106808685, 'Mehr anzeigen', 'Weniger anzeigen'); return false;\" class=\"read-link\" id=\"readlink2106808685\" style=\"readlink\" href=\"#\">Mehr anzeigen<\/a><\/span>\n<div class=\"read_div\" id=\"read2106808685\" style=\"display: none;\"> so unspektakul\u00e4r diese Klassiker unter den Gesellschaftsspielen auch sein m\u00f6gen.<br>Kartenspiele gehen immer. Wer noch nicht sattelfest im Skat oder Canasta ist, kann sich hier Kenntnisse aneignen und bekanntlich macht \u00dcbung den Meister.<br>Worauf es aber beim Spielen ankommt, ist die gemeinsam verbrachte Zeit. Eine Anmeldung ist nicht erforderlich. Schauen Sie einfach mal herein und sehen Sie sich die Runde an.<br>Sie k\u00f6nnen gern auch eigene Spiele mitbringen. Vielleicht finden sich Gleichgesinnte fu\u0308r eine Runde \u201eSiedler von Catan\u201c, \u201eScrabble\u201c oder \u201eMonopoly\u201c.<br>Dazu geh\u00f6ren auch Kaffee und Kuchen. Spielleiterin Sigrid Irriger ist die Seele der Gemeinschaft und gestaltet mit viel Freude diesen geselligen Nachmittag. <\/div><\/p>\n<\/div><\/div>\n<\/div>\n<\/div>\n\n\n\n<div class=\"wp-block-columns is-layout-flex wp-container-core-columns-is-layout-9d6595d7 wp-block-columns-is-layout-flex\">\n<div class=\"wp-block-column is-layout-flow wp-block-column-is-layout-flow\" style=\"flex-basis:33.34%\">\n<figure class=\"wp-block-image size-full is-resized\"><img loading=\"lazy\" decoding=\"async\" width=\"164\" height=\"164\" src=\"https:\/\/eidelstedter-buergerverein.de\/wp-content\/uploads\/2025\/05\/digi_ana.png\" alt=\"\" class=\"wp-image-17838\" style=\"width:225px;height:225px\" srcset=\"https:\/\/eidelstedter-buergerverein.de\/wp-content\/uploads\/2025\/05\/digi_ana.png 164w, https:\/\/eidelstedter-buergerverein.de\/wp-content\/uploads\/2025\/05\/digi_ana-150x150.png 150w\" sizes=\"(max-width: 164px) 100vw, 164px\" \/><\/figure>\n<\/div>\n\n\n\n<div class=\"wp-block-column is-layout-flow wp-block-column-is-layout-flow\" style=\"flex-basis:33.34%\">\n<p><strong>Digi hilft Ana<\/strong><br><strong>Jeden letzten Sonnabend im Monat<\/strong>, <strong>am 25. April, 30. Mai und 27. Juni<\/strong><br><strong>15 Uhr<\/strong><br>Gemeinsam Lernen bei Kaffee und Kuchen<br>Gemeindehaus Elisabethkirche, Seniorentreff<br><strong>Anmeldung:<\/strong> Ursula Kleinfeld<br>0178 53 27 068<br>info@eidelstedter-buergerverein.de<br><strong>Gef\u00f6rdert durch das Bezirksamt Eimsb\u00fcttel<\/strong><\/p>\n\n\n\n<figure class=\"wp-block-image size-large\"><img loading=\"lazy\" decoding=\"async\" width=\"1024\" height=\"438\" src=\"https:\/\/eidelstedter-buergerverein.de\/wp-content\/uploads\/2025\/09\/Bezirksamt_Eimsbuettel_RGB-002-5-1024x438.png\" alt=\"\" class=\"wp-image-18206\" srcset=\"https:\/\/eidelstedter-buergerverein.de\/wp-content\/uploads\/2025\/09\/Bezirksamt_Eimsbuettel_RGB-002-5-1024x438.png 1024w, https:\/\/eidelstedter-buergerverein.de\/wp-content\/uploads\/2025\/09\/Bezirksamt_Eimsbuettel_RGB-002-5-300x128.png 300w, https:\/\/eidelstedter-buergerverein.de\/wp-content\/uploads\/2025\/09\/Bezirksamt_Eimsbuettel_RGB-002-5-768x329.png 768w, https:\/\/eidelstedter-buergerverein.de\/wp-content\/uploads\/2025\/09\/Bezirksamt_Eimsbuettel_RGB-002-5-1320x565.png 1320w, https:\/\/eidelstedter-buergerverein.de\/wp-content\/uploads\/2025\/09\/Bezirksamt_Eimsbuettel_RGB-002-5.png 1381w\" sizes=\"(max-width: 1024px) 100vw, 1024px\" \/><\/figure>\n\n\n\n<p><br><\/p>\n<\/div>\n\n\n\n<div class=\"wp-block-column is-layout-flow wp-block-column-is-layout-flow\" style=\"flex-basis:33.33%\">\n<p><strong>Digi hilft Ana<\/strong><br>Unser Angebot richtet sich an meist \u00e4ltere Menschen im Stadtteil, die in die Lage versetzt werden sollen, sich in der digitalen Welt zurechtzufinden. Unsere Coaches Leo Schiemann und Nonni Heere vermitteln in der ersten halben Stunde Grundlagenwissen. Anschlie\u00dfend werden individuelle Fragen beantwortet. Bei Bedarf kommen die Coaches auch ins Haus. Unsere Gruppe ist freundlich und jederzeit offen f\u00fcr weitere Interessierte.<\/p>\n<\/div>\n<\/div>\n\n\n\n<div class=\"wp-block-columns is-layout-flex wp-container-core-columns-is-layout-9d6595d7 wp-block-columns-is-layout-flex\">\n<div class=\"wp-block-column is-layout-flow wp-block-column-is-layout-flow\" style=\"flex-basis:33.34%\">\n<figure class=\"wp-block-image size-full is-resized is-style-rounded\"><img loading=\"lazy\" decoding=\"async\" width=\"205\" height=\"290\" src=\"https:\/\/eidelstedter-buergerverein.de\/wp-content\/uploads\/2026\/04\/cover-ratgeber_bild.webp\" alt=\"\" class=\"wp-image-18889\" style=\"object-fit:cover;width:225px;height:225px\"\/><\/figure>\n\n\n\n<p>Foto: Bundesamt f\u00fcr Bev\u00f6lkerungsschutz und Katastrophenhilfe<\/p>\n<\/div>\n\n\n\n<div class=\"wp-block-column is-layout-flow wp-block-column-is-layout-flow\" style=\"flex-basis:33.34%\">\n<p><strong>Vorsorgen f\u00fcr Krisen und Katastrophen<\/strong><br><strong>Mittwoch, 22. April<\/strong><br>Gemeindehaus Elisabethkirche, 1. Stock<br>Eidelstedter Dorfstra\u00dfe 27 <br><br><strong>Informationen und Anmeldung:<\/strong> Andrea H\u00f6fgen<br>Telefon: 0176 &#8211; 53 97 26 25<br>andrea.hoefgen@t-online.de<\/p>\n\n\n\n<p><\/p>\n\n\n\n<p><\/p>\n<\/div>\n\n\n\n<div class=\"wp-block-column is-layout-flow wp-block-column-is-layout-flow\" style=\"flex-basis:33.33%\">\n<p>Deutschland z\u00e4hlt zu den sichersten L\u00e4ndern weltweit. Dennoch k\u00f6nnen auch hier unerwartete Krisen auftreten, wie der gro\u00dffl\u00e4chige Stromausfall in Berlin Anfang des Jahres eindr\u00fccklich gezeigt hat.<\/p>\n\n\n\n<p>Wir besch\u00e4ftigen uns auf Basis der Empfehlungen des BBK (Bundesamt f\u00fcr Bev\u00f6lkerungsschutz und Katastrophenhilfe) praxisbezogen vor allem mit den Themen Stromausfall, Informationsbeschaffung und praktische Vorsorgema\u00dfnahmen. <span><a onclick=\"read_toggle(2140732747, 'Mehr anzeigen', 'Weniger anzeigen'); return false;\" class=\"read-link\" id=\"readlink2140732747\" style=\"readlink\" href=\"#\">Mehr anzeigen<\/a><\/span>\n<div class=\"read_div\" id=\"read2140732747\" style=\"display: none;\"> Ein besonderer Schwerpunkt liegt auf der Bevorratung von Getr\u00e4nken und Lebensmitteln, die je nach pers\u00f6nlicher Wohnsituation individuell sehr unterschiedlich ausf\u00e4llt.<\/p>\n\n\n\n<p>Praktische Tipps unterst\u00fctzen Sie dabei, sich intensiver mit dem Thema auseinanderzusetzen. Die aktuelle Brosch\u00fcre des BBKs wird zur Verf\u00fcgung gestellt. <\/div><\/p>\n<\/div>\n<\/div>\n\n\n\n<div class=\"wp-block-columns is-layout-flex wp-container-core-columns-is-layout-9d6595d7 wp-block-columns-is-layout-flex\">\n<div class=\"wp-block-column is-layout-flow wp-block-column-is-layout-flow\"><\/div>\n\n\n\n<div class=\"wp-block-column is-layout-flow wp-block-column-is-layout-flow\">\n<p><strong>Gemeinsam G\u00e4rtnern<\/strong><br><strong>Sonnabend, 25. April, 10 Uhr<\/strong><br>Busbahnhof<\/p>\n\n\n\n<p>Kontakt: Sigrid Irriger<br>0176 23 71 07 18<br><\/p>\n<\/div>\n\n\n\n<div class=\"wp-block-column is-layout-flow wp-block-column-is-layout-flow\">\n<p>Bald kommt der Fr\u00fchling und darum ist unser Beet auf dem Busbahnhof wieder f\u00e4llig. Wer mithelfen will, kommt mit Arbeitshandschuhen und Werkzeug vorbei. Wir sind eine freundliche Runde und freuen uns \u00fcber jede helfende Hand. Der Termin ist wetterabh\u00e4ngig und k\u00f6nnte verschoben werden. Bei Interesse nehmen Sie Kontakt zu Sigrid Irriger auf.<\/p>\n\n\n\n<p><\/p>\n<\/div>\n<\/div>\n\n\n\n<div class=\"wp-block-columns is-layout-flex wp-container-core-columns-is-layout-9d6595d7 wp-block-columns-is-layout-flex\">\n<div class=\"wp-block-column is-layout-flow wp-block-column-is-layout-flow\"><\/div>\n\n\n\n<div class=\"wp-block-column is-layout-flow wp-block-column-is-layout-flow\">\n<p><strong>Exkursion nach Laboe<\/strong><br><strong>Sonnabend, 25. April, 10:15 Uhr<\/strong><br>Laboe, Strandstra\u00dfe 92 am Shop\/Kartenverkauf<\/p>\n\n\n\n<p>Der Eintritt von 7\u20ac (nur Boot) oder 13\u20ac (Kombiticket Boot plus Ehrenmal) ist vor Ort in Bar zu zahlen.<\/p>\n\n\n\n<p>Kontakt und Anmeldung bis 19. April: Stefan Wilke<br>0178 540 36 28<br><\/p>\n<\/div>\n\n\n\n<div class=\"wp-block-column is-layout-flow wp-block-column-is-layout-flow\">\n<p>Als Erg\u00e4nzung zum Vortrag aus dem Sommer 2025 \u00fcber die Verschl\u00fcsselungsmaschine Enigma schauen wir uns ein Original U-Boot aus dem 2. Weltkrieg an. U995 ist das letzte erhaltene Boot des Typs VII C. Als technisches Museum liegt es seit 1972 in Laboe auf dem Strand. Stefan Wilke wird uns in Kleingruppen durch das U-Boot f\u00fchren und entsprechende Erkl\u00e4rungen geben. Au\u00dferdem kann das Marine-Ehrenmal besichtigt werden. <span><a onclick=\"read_toggle(2132591373, 'Mehr anzeigen', 'Weniger anzeigen'); return false;\" class=\"read-link\" id=\"readlink2132591373\" style=\"readlink\" href=\"#\">Mehr anzeigen<\/a><\/span>\n<div class=\"read_div\" id=\"read2132591373\" style=\"display: none;\"><\/p>\n\n\n\n<p>Anfahrt \u2013 selbstorganisiert, aber nach Absprache gerne gemeinsam \u2013 mit Auto (ca. 1,5 Std.) oder mit Bahn\/Bus (ca. 2,5 Std. + ca. 15 Min. Fu\u00dfweg).<\/p>\n\n\n\n<p>Wichtige Hinweise: Das U-Boot ist NICHT barrierefrei! Man muss u. a. durch enge Schotten steigen. Auch deshalb ist das Boot f\u00fcr Leute mit Platzangst nicht geeignet. Das Ehrenmal ist barrierearm.<\/p>\n\n\n\n<p>Nach der Besichtigung bieten einige Lokale im Umkreis noch Gelegenheit zur Einkehr. <\/div><\/p>\n\n\n\n<p><\/p>\n<\/div>\n<\/div>\n\n\n\n<div class=\"wp-block-columns is-layout-flex wp-container-core-columns-is-layout-9d6595d7 wp-block-columns-is-layout-flex\">\n<div class=\"wp-block-column is-layout-flow wp-block-column-is-layout-flow\"><\/div>\n\n\n\n<div class=\"wp-block-column is-layout-flow wp-block-column-is-layout-flow\">\n<p><strong>Ausflug in die Holsteinische Schweiz<\/strong><br><strong>Mittwoch, 6. Mai, 09:30 Uhr<\/strong><\/p>\n\n\n\n<p>Treffpunkt Elisabethkirche 09:30 Uhr, Eidelstedter Dorfstra\u00dfe<br>Abfahrt 10 Uhr, R\u00fcckkehr ca. 18 Uhr<br>Mitglieder 54\u20ac, G\u00e4ste 59\u20ac<\/p>\n\n\n\n<p>Kontakt und Anmeldung vom 14.4. bis 18.4.: Marlies Keibel<br>0172 805 48 16<\/p>\n\n\n\n<p><strong>Gef\u00f6rdert durch das Bezirksamt Eimsb\u00fcttel<\/strong><\/p>\n\n\n\n<figure class=\"wp-block-image\"><img loading=\"lazy\" decoding=\"async\" width=\"1381\" height=\"591\" src=\"https:\/\/eidelstedter-buergerverein.de\/wp-content\/uploads\/2025\/09\/Bezirksamt_Eimsbuettel_RGB-002-6.png\" alt=\"\" class=\"wp-image-18208\" srcset=\"https:\/\/eidelstedter-buergerverein.de\/wp-content\/uploads\/2025\/09\/Bezirksamt_Eimsbuettel_RGB-002-6.png 1381w, https:\/\/eidelstedter-buergerverein.de\/wp-content\/uploads\/2025\/09\/Bezirksamt_Eimsbuettel_RGB-002-6-300x128.png 300w, https:\/\/eidelstedter-buergerverein.de\/wp-content\/uploads\/2025\/09\/Bezirksamt_Eimsbuettel_RGB-002-6-1024x438.png 1024w, https:\/\/eidelstedter-buergerverein.de\/wp-content\/uploads\/2025\/09\/Bezirksamt_Eimsbuettel_RGB-002-6-768x329.png 768w, https:\/\/eidelstedter-buergerverein.de\/wp-content\/uploads\/2025\/09\/Bezirksamt_Eimsbuettel_RGB-002-6-1320x565.png 1320w\" sizes=\"(max-width: 1381px) 100vw, 1381px\" \/><\/figure>\n<\/div>\n\n\n\n<div class=\"wp-block-column is-layout-flow wp-block-column-is-layout-flow\">\n<p>Im Bootshaus am Dieksee haben wir einen wundersch\u00f6nen Blick auf das Wasser. Ein Spargelbuffet bietet eine gro\u00dfe Auswahl an Gerichten rund um den frischen Spargel \u2013 wei\u00dfer und gr\u00fcner Spargel, verschiedene Saucen, Schinken, Kartoffeln und Schnitzel. So kann sich jeder nach Herzenslust bedienen und die Spargelzeit genie\u00dfen.<\/p>\n\n\n\n<p>Im Anschluss lassen wir den Tag gem\u00fctlich bei Kaffee und Kuchen im Obst- und Weingut Ingenhof ausklingen. Das Feldcaf\u00e9 ist bekannt f\u00fcr seine hausgemachten Kuchen und Torten. Die sch\u00f6ne Umgebung l\u00e4dt au\u00dferdem zu einem kleinen Spaziergang ein. Genie\u00dfen Sie mit uns einen sch\u00f6nen Tag in netter Gesellschaft und sch\u00f6ner Natur! <span><a onclick=\"read_toggle(1510359682, 'Mehr anzeigen', 'Weniger anzeigen'); return false;\" class=\"read-link\" id=\"readlink1510359682\" style=\"readlink\" href=\"#\">Mehr anzeigen<\/a><\/span>\n<div class=\"read_div\" id=\"read1510359682\" style=\"display: none;\"><\/p>\n\n\n\n<p>Schritt 1: Telefonische Anmeldung bei Marlies Keibel vom 14.4. bis 18.4. mit den vollst\u00e4ndigen Namen aller Personen. Schritt 2, nach Best\u00e4tigung: \u00dcberweisen Sie den Betrag nach Best\u00e4tigung bis zum 20.4. auf das Konto des B\u00fcrgervereins:<br>SPARDA BANK<br>DE63 2069 0500 0001 1864 00 GENODEF1S11<br>Verwendungszweck: \u201cDieksee\u201d <\/div><\/p>\n<\/div>\n<\/div>\n\n\n\n<div class=\"wp-block-columns is-layout-flex wp-container-core-columns-is-layout-9d6595d7 wp-block-columns-is-layout-flex\">\n<div class=\"wp-block-column is-layout-flow wp-block-column-is-layout-flow\" style=\"flex-basis:33.34%\"><\/div>\n\n\n\n<div class=\"wp-block-column is-layout-flow wp-block-column-is-layout-flow\" style=\"flex-basis:33.34%\">\n<p><strong>Offene Vorstandssitzung<\/strong><br><br><strong>Dienstag, 12. Mai, 19 Uhr<br><\/strong>Elisabethkirche, Gruppenraum, 1. Stock<br><br>Kontakt: Ursula Kleinfeld<br>info@eidelstedter-buergerverein.de<br>oder 0178 &#8211; 532 70 68<br><\/p>\n\n\n\n<p><\/p>\n<\/div>\n\n\n\n<div class=\"wp-block-column is-layout-flow wp-block-column-is-layout-flow\" style=\"flex-basis:33.33%\">\n<p>Wir laden Sie herzlich zu unserer Offenen Vorstandssitzung ein! Nutzen Sie die Gelegenheit, einen Blick hinter die Kulissen des B\u00fcrgervereins zu werfen, Ihre Ideen einzubringen und mit uns ins Gespr\u00e4ch zu kommen.<\/p>\n\n\n\n<p>Die Sitzung ist offen f\u00fcr alle Interessierten \u2013 Sie m\u00fcssen kein Mitglied sein, um teilzunehmen. Wir freuen uns auf Ihre Anregungen und darauf, uns \u00fcber den Verein und \u00fcber den Stadtteil auszutauschen. F\u00fcr die Anmeldung gen\u00fcgt ein Anruf!<\/p>\n<\/div>\n<\/div>\n\n\n\n<div class=\"wp-block-columns is-layout-flex wp-container-core-columns-is-layout-9d6595d7 wp-block-columns-is-layout-flex\">\n<div class=\"wp-block-column is-layout-flow wp-block-column-is-layout-flow\" style=\"flex-basis:33.34%\"><\/div>\n\n\n\n<div class=\"wp-block-column is-layout-flow wp-block-column-is-layout-flow\" style=\"flex-basis:33.34%\">\n<p><strong>Kom\u00f6die &#8222;53 Sonntage&#8220;<\/strong><br><br><strong>Mittwoch, 20. Mai, 19:30 Uhr<\/strong><br>Treffpunkt: Busbahnhof Eidelstedter Platz &#8211; f\u00fcr gemeinsame Fahrt und Essen im &#8222;das Bistro&#8220;, Alsterdorfer Stra\u00dfe 37<br>Alternativ: 19:10 Uhr im Foyer der Kom\u00f6die<br><br>Anmeldung: Andrea H\u00f6fgen<br>andrea.h\u00f6fgen@t-online.de<br>oder 0176 &#8211; 53 97 26 25<br><\/p>\n\n\n\n<p><\/p>\n<\/div>\n\n\n\n<div class=\"wp-block-column is-layout-flow wp-block-column-is-layout-flow\" style=\"flex-basis:33.33%\">\n<p>Theaterst\u00fcck von Cesc Gay, Deutsche Erstauff\u00fchrung<br>Mit: Julia Bremermann, Tessa Mittelstaedt, Maik Spolbach und Heiko Ruprecht<br>Kom\u00f6die Winterhuder F\u00e4hrhaus, Hudtwalckerstra\u00dfe 13, 22299 Hamburg, 28\u20ac (inkl. HVV-Ticket)<\/p>\n\n\n\n<p>Worum geht es? <span><a onclick=\"read_toggle(45305852, 'Mehr anzeigen', 'Weniger anzeigen'); return false;\" class=\"read-link\" id=\"readlink45305852\" style=\"readlink\" href=\"#\">Mehr anzeigen<\/a><\/span>\n<div class=\"read_div\" id=\"read45305852\" style=\"display: none;\"> Drei sehr ungleiche Geschwister stehen vor einer heiklen Frage: Wer \u00fcbernimmt k\u00fcnftig die Verantwortung f\u00fcr den hochbetagten Vater, bevor etwas Ernstes passiert? Oder w\u00e4re es doch einfacher, den Vater in ein Pflegeheim zu geben?<\/p>\n\n\n\n<p>Schritt 1: Anmeldung per E-Mail oder telefonisch bei Andrea H\u00f6fgen<br>Schritt 2, nach Best\u00e4tigung: \u00dcberweisung des Betrags auf das Konto des B\u00fcrgervereins:<br>SPARDA BANK<br>DE63 2069 0500 0001 1864 00<br>GENODEF1S11<br>Verwendungszweck: &#8222;53 Sonntage&#8220; <\/div><\/p>\n<\/div>\n<\/div>\n","protected":false},"excerpt":{"rendered":"<p>von April bis Juni 2026 De PlattsnakkersAb 8. April jeden 2. Mittwoch im Monat18 UhrGemeindehaus ElisabethkircheSeniorentreff, 1. StockKlaus-Peter Schulze040 &#8211; 57 19 34 66ebv-plattsnacker@t-online.deGef\u00f6rdert durch das Bezirksamt Eimsb\u00fcttel Wi snackt platt!Wi, de Plattsnacker, su\u0308nd een lu\u0308tten Krink un drapt uns &hellip; <a href=\"https:\/\/eidelstedter-buergerverein.de\/?page_id=18888\">Weiterlesen <span class=\"meta-nav\">&rarr;<\/span><\/a><\/p>\n","protected":false},"author":15,"featured_media":0,"parent":0,"menu_order":0,"comment_status":"closed","ping_status":"closed","template":"full-width-page.php","meta":{"footnotes":""},"class_list":["post-18888","page","type-page","status-publish","hentry"],"_links":{"self":[{"href":"https:\/\/eidelstedter-buergerverein.de\/index.php?rest_route=\/wp\/v2\/pages\/18888","targetHints":{"allow":["GET"]}}],"collection":[{"href":"https:\/\/eidelstedter-buergerverein.de\/index.php?rest_route=\/wp\/v2\/pages"}],"about":[{"href":"https:\/\/eidelstedter-buergerverein.de\/index.php?rest_route=\/wp\/v2\/types\/page"}],"author":[{"embeddable":true,"href":"https:\/\/eidelstedter-buergerverein.de\/index.php?rest_route=\/wp\/v2\/users\/15"}],"replies":[{"embeddable":true,"href":"https:\/\/eidelstedter-buergerverein.de\/index.php?rest_route=%2Fwp%2Fv2%2Fcomments&post=18888"}],"version-history":[{"count":3,"href":"https:\/\/eidelstedter-buergerverein.de\/index.php?rest_route=\/wp\/v2\/pages\/18888\/revisions"}],"predecessor-version":[{"id":18895,"href":"https:\/\/eidelstedter-buergerverein.de\/index.php?rest_route=\/wp\/v2\/pages\/18888\/revisions\/18895"}],"wp:attachment":[{"href":"https:\/\/eidelstedter-buergerverein.de\/index.php?rest_route=%2Fwp%2Fv2%2Fmedia&parent=18888"}],"curies":[{"name":"wp","href":"https:\/\/api.w.org\/{rel}","templated":true}]}}