{"id":15468,"date":"2022-07-10T06:48:13","date_gmt":"2022-07-10T04:48:13","guid":{"rendered":"https:\/\/eidelstedter-buergerverein.de\/?page_id=15468"},"modified":"2022-09-30T16:35:51","modified_gmt":"2022-09-30T14:35:51","slug":"termine-3","status":"publish","type":"page","link":"https:\/\/eidelstedter-buergerverein.de\/?page_id=15468","title":{"rendered":"Termine 2022\/3"},"content":{"rendered":"\n<div style=\"height:100px\" aria-hidden=\"true\" class=\"wp-block-spacer\"><\/div>\n\n\n\n<div class=\"wp-block-columns is-layout-flex wp-container-core-columns-is-layout-9d6595d7 wp-block-columns-is-layout-flex\">\n<div class=\"wp-block-column is-layout-flow wp-block-column-is-layout-flow\" style=\"flex-basis:33.33%\">\n<div class=\"wp-block-group\"><div class=\"wp-block-group__inner-container is-layout-flow wp-block-group-is-layout-flow\">\n<div class=\"wp-block-group\"><div class=\"wp-block-group__inner-container is-layout-flow wp-block-group-is-layout-flow\">\n<figure class=\"wp-block-image size-full is-resized is-style-default\"><img fetchpriority=\"high\" decoding=\"async\" src=\"https:\/\/eidelstedter-buergerverein.de\/wp-content\/uploads\/2018\/04\/platt.png\" alt=\"\" class=\"wp-image-6964\" width=\"225\" height=\"225\"\/><\/figure>\n<\/div><\/div>\n<\/div><\/div>\n<\/div>\n\n\n\n<div class=\"wp-block-column is-layout-flow wp-block-column-is-layout-flow\" style=\"flex-basis:33.33%\">\n<div class=\"wp-block-group\"><div class=\"wp-block-group__inner-container is-layout-flow wp-block-group-is-layout-flow\">\n<p><strong>De Plattsnakker<\/strong><br><strong>Ab 13. Juli jeden 2. Mittwoch im Monat<\/strong><br><strong>19 Uhr<\/strong><br>Gemeindehaus Elisabethkirche<br>Seniorentreff, 1. Stock<br>Klaus-Peter Schulze<br>040 571 93 466<br>ebv-plattsnacker@t-online.de<\/p>\n<\/div><\/div>\n<\/div>\n\n\n\n<div class=\"wp-block-column is-layout-flow wp-block-column-is-layout-flow\" style=\"flex-basis:33.33%\">\n<div class=\"wp-block-group\"><div class=\"wp-block-group__inner-container is-layout-flow wp-block-group-is-layout-flow\">\n<p><strong>Wi snackt platt!<\/strong><br>Wi, de Plattsnacker, su\u0308nd een lu\u0308tten Krink un drapt uns jeeden tweeten Middeweken in<br>Maand, Klock s\u00f6ben in Gemeendhuus vun<br>de Elisabeth-Kark. Wi all su\u0308nd nich perfekt, wi all \u00f6vt noch. <span><a onclick=\"read_toggle(1629265853, 'Mehr anzeigen', 'Weniger anzeigen'); return false;\" class=\"read-link\" id=\"readlink1629265853\" style=\"readlink\" href=\"#\">Mehr anzeigen<\/a><\/span>\n<div class=\"read_div\" id=\"read1629265853\" style=\"display: none;\">Aver dat mookt veel Spoo\u00df un Vergn\u00f6gen. Bes\u00f6\u00f6kt uns doch mol, or schrievt een Mail. Ji k\u00f6\u00f6nt aver ok anropen. Ik frei mi.<br>Vun Harten willkamen!<br>Klaus-Peter <\/div><\/p>\n\n\n\n<p> <\/p>\n<\/div><\/div>\n<\/div>\n<\/div>\n\n\n\n<div class=\"wp-block-columns is-layout-flex wp-container-core-columns-is-layout-9d6595d7 wp-block-columns-is-layout-flex\">\n<div class=\"wp-block-column is-layout-flow wp-block-column-is-layout-flow\" style=\"flex-basis:33.33%\">\n<div class=\"wp-block-group\"><div class=\"wp-block-group__inner-container is-layout-flow wp-block-group-is-layout-flow\">\n<figure class=\"wp-block-image size-full is-resized is-style-default\"><img decoding=\"async\" src=\"https:\/\/eidelstedter-buergerverein.de\/wp-content\/uploads\/2018\/04\/spiel-1.png\" alt=\"\" class=\"wp-image-7014\" width=\"225\" height=\"225\"\/><figcaption>Foto: knipseline \/ pixelio.de<\/figcaption><\/figure>\n<\/div><\/div>\n<\/div>\n\n\n\n<div class=\"wp-block-column is-layout-flow wp-block-column-is-layout-flow\" style=\"flex-basis:33.33%\">\n<div class=\"wp-block-group\"><div class=\"wp-block-group__inner-container is-layout-flow wp-block-group-is-layout-flow\">\n<p><strong>Spielenachmittag<\/strong><br><strong>Ab 8. Juli jeden 2. und 4. Freitag im Monat<br>15-17 Uhr<\/strong><br>Gemeindehaus Elisabethkirche<br>Seniorentreff, 1. Stock<br>Sigrid Irriger<br>57 62 49<\/p>\n<\/div><\/div>\n<\/div>\n\n\n\n<div class=\"wp-block-column is-layout-flow wp-block-column-is-layout-flow\" style=\"flex-basis:33.33%\">\n<div class=\"wp-block-group\"><div class=\"wp-block-group__inner-container is-layout-flow wp-block-group-is-layout-flow\">\n<p><strong>Entdecke das Kind in dir<\/strong><br>Unter der Leitung von Sigrid Irriger treffen sich Menschen aus dem Stadtteil zum Spielen. Eine Runde \u201eMensch \u00e4rgere dich nicht\u201c, \u201eMau-Mau\u201c oder \u201eUno\u201c hat jedem noch so tru\u0308ben Tag Heiterkeit verliehen,<span><a onclick=\"read_toggle(2138399259, 'Mehr anzeigen', 'Weniger anzeigen'); return false;\" class=\"read-link\" id=\"readlink2138399259\" style=\"readlink\" href=\"#\">Mehr anzeigen<\/a><\/span>\n<div class=\"read_div\" id=\"read2138399259\" style=\"display: none;\"> so unspektakul\u00e4r diese Klassiker unter den Gesellschaftsspielen auch sein m\u00f6gen.<br>Kartenspiele gehen immer. Wer noch nicht sattelfest im Skat oder Canasta ist, kann sich hier Kenntnisse aneignen und bekanntlich macht \u00dcbung den Meister.<br>Worauf es aber beim Spielen ankommt, ist die gemeinsam verbrachte Zeit. Eine Anmeldung ist nicht erforderlich. Schauen Sie einfach mal herein und sehen Sie sich die Runde an.<br>Sie k\u00f6nnen gern auch eigene Spiele mitbringen. Vielleicht finden sich Gleichgesinnte fu\u0308r eine Runde \u201eSiedler von Catan\u201c, \u201eScrabble\u201c oder \u201eMonopoly\u201c.<br>Dazu geh\u00f6ren auch Kaffee und Kuchen. Spielleiterin Sigrid Irriger ist die Seele der Gemeinschaft und gestaltet mit viel Freude diesen geselligen Nachmittag. <\/div><\/p>\n<\/div><\/div>\n<\/div>\n<\/div>\n\n\n\n<div class=\"wp-block-columns is-layout-flex wp-container-core-columns-is-layout-9d6595d7 wp-block-columns-is-layout-flex\">\n<div class=\"wp-block-column is-layout-flow wp-block-column-is-layout-flow\" style=\"flex-basis:33.34%\">\n<figure class=\"wp-block-image size-full is-resized\"><img decoding=\"async\" src=\"https:\/\/eidelstedter-buergerverein.de\/wp-content\/uploads\/2018\/07\/heide.png\" alt=\"\" class=\"wp-image-7070\" width=\"225\" height=\"225\" srcset=\"https:\/\/eidelstedter-buergerverein.de\/wp-content\/uploads\/2018\/07\/heide.png 267w, https:\/\/eidelstedter-buergerverein.de\/wp-content\/uploads\/2018\/07\/heide-150x150.png 150w\" sizes=\"(max-width: 225px) 100vw, 225px\" \/><\/figure>\n<\/div>\n\n\n\n<div class=\"wp-block-column is-layout-flow wp-block-column-is-layout-flow\" style=\"flex-basis:33.34%\">\n<p><strong>Heidefahrt<\/strong><br><strong>Mittwoch, 31. August 10 Uhr <\/strong>Treffpunkt Elisabethkirche,<br>Eidelstedter Dorfplatz 7<br>Mitglieder 38 \u20ac,<br>G\u00e4ste 45 \u20ac, inkl. Mittagessen<br>und Kaffeetrinken<br>Kontakt: Gudrun Schreiber<br>Tel.: 0160 91 92 85 52 <br><\/p>\n<\/div>\n\n\n\n<div class=\"wp-block-column is-layout-flow wp-block-column-is-layout-flow\" style=\"flex-basis:33.33%\">\n<p>Im August und September bietet die Lu\u0308neburger Heide ein sehenswertes Naturspektakel, das einmalig in Mitteleuropa ist. Das Gru\u0308n des Wacholders ist der Hintergrund fu\u0308r das Lila von Millionen Blu\u0308ten des Heidekrauts. <span><a onclick=\"read_toggle(1585895411, 'Mehr anzeigen', 'Weniger anzeigen'); return false;\" class=\"read-link\" id=\"readlink1585895411\" style=\"readlink\" href=\"#\">Mehr anzeigen<\/a><\/span>\n<div class=\"read_div\" id=\"read1585895411\" style=\"display: none;\"> Der Hof Barrl in Schneverdingen ist unsere Anlaufstelle fu\u0308r das Mittagessen. Weiter geht zum \u201eH\u00f6pen Idyll\u201c mit dem wundersch\u00f6nen Heidegarten. Die Umgebung l\u00e4dt zum Spaziergehen und Genie\u00dfen ein. <br><strong>Anmeldung in zwei Schritten<\/strong>:<br>Schritt 1: Melden Sie sich bitte telefonisch bei Gudrun Schreiber an.<br>Schritt 2: \u00dcberweisen Sie den Betrag auf das Konto des B\u00fcrgervereins:<br>SPARDA BANK<br>IBAN DE63 2069 0500 0001 1864 00<br>BIC: GENODEF1S11<br>Verwendungszweck: Heide<br>Bitte haben Sie Verst\u00e4ndnis daf\u00fcr, dass wir den Betrag nicht zur\u00fcckerstatten k\u00f6nnen.<\/div><\/p>\n<\/div>\n<\/div>\n\n\n\n<div class=\"wp-block-columns is-layout-flex wp-container-core-columns-is-layout-9d6595d7 wp-block-columns-is-layout-flex\">\n<div class=\"wp-block-column is-layout-flow wp-block-column-is-layout-flow\" style=\"flex-basis:33.33%\">\n<figure class=\"wp-block-image size-full is-resized\"><img loading=\"lazy\" decoding=\"async\" src=\"https:\/\/eidelstedter-buergerverein.de\/wp-content\/uploads\/2018\/09\/theater_rund-e1648556585581.png\" alt=\"\" class=\"wp-image-7123\" width=\"225\" height=\"225\"\/><\/figure>\n\n\n\n<p><\/p>\n<\/div>\n\n\n\n<div class=\"wp-block-column is-layout-flow wp-block-column-is-layout-flow\" style=\"flex-basis:33.33%\">\n<p>&#8222;<strong>Gespenster&#8220; <\/strong><br><strong>von Henrik Ibsen<\/strong><br><strong>Sonntag, 4. September<br>15 Uhr<\/strong><br>Ernst-Deutsch-Theater<br>Friedrich-Sch\u00fctter-Platz 1<br>13 \u20ac<br><strong>Anmeldung <\/strong><br><strong>ab sofort bis 20. August<\/strong><br>Kontakt: Gudrun Schreiber<br>Tel.: 0160 91 92 85 52 <a href=\"Kontakt: Gudrun SchreiberTel.: 0160 91 92 85 52\"><br><\/a><br><\/p>\n<\/div>\n\n\n\n<div class=\"wp-block-column is-layout-flow wp-block-column-is-layout-flow\" style=\"flex-basis:33.33%\">\n<p><strong>Gespenster<\/strong> sind hartn\u00e4ckige Zeitgenossen. In diesem Fall sind es Ideen, Ansichten, Werte, Denk- und Verhaltensmuster aus der Vergangenheit, die aber das Leben in der Gegenwart vergiften k\u00f6nnen.<br>Diese Gespenster widersetzen sich der Austreibung und verhindern, das Glu\u0308ck im Hier und Jetzt zu finden. Viele Themen, die Ibsen beschreibt, haben in unserer Zeit ihre Provokationskraft verloren. <span><a onclick=\"read_toggle(607083022, 'Mehr anzeigen', 'Weniger anzeigen'); return false;\" class=\"read-link\" id=\"readlink607083022\" style=\"readlink\" href=\"#\">Mehr anzeigen<\/a><\/span>\n<div class=\"read_div\" id=\"read607083022\" style=\"display: none;\"><br>Aber immer noch gilt: Jedes Haus hat seine eigenen Gespenster. Jeder hat seine ganz pers\u00f6nlichen Leichen im Keller.<br><strong>Anmeldung in zwei Schritten<\/strong>:<br>Schritt 1: Melden Sie sich bitte telefonisch bei Gudrun Schreiber an.<br>Schritt 2: \u00dcberweisen Sie den Betrag auf das Konto des B\u00fcrgervereins:<br>SPARDA BANK<br>IBAN DE63 2069 0500 0001 1864 00<br>BIC: GENODEF1S11<br>Verwendungszweck: Gespenster<br>Bitte haben Sie Verst\u00e4ndnis daf\u00fcr, dass wir den Betrag nicht zur\u00fcckerstatten k\u00f6nnen.<br>Von: Henrik Ibsen<br>Regie Christoph Tomanek<\/div><\/p>\n<\/div>\n<\/div>\n\n\n\n<div class=\"wp-block-columns is-layout-flex wp-container-core-columns-is-layout-9d6595d7 wp-block-columns-is-layout-flex\">\n<div class=\"wp-block-column is-layout-flow wp-block-column-is-layout-flow\" style=\"flex-basis:33.34%\">\n<figure class=\"wp-block-image size-full is-resized\"><img loading=\"lazy\" decoding=\"async\" src=\"https:\/\/eidelstedter-buergerverein.de\/wp-content\/uploads\/2022\/07\/eidelrund.png\" alt=\"\" class=\"wp-image-15482\" width=\"225\" height=\"225\" srcset=\"https:\/\/eidelstedter-buergerverein.de\/wp-content\/uploads\/2022\/07\/eidelrund.png 531w, https:\/\/eidelstedter-buergerverein.de\/wp-content\/uploads\/2022\/07\/eidelrund-300x300.png 300w, https:\/\/eidelstedter-buergerverein.de\/wp-content\/uploads\/2022\/07\/eidelrund-150x150.png 150w\" sizes=\"(max-width: 225px) 100vw, 225px\" \/><\/figure>\n<\/div>\n\n\n\n<div class=\"wp-block-column is-layout-flow wp-block-column-is-layout-flow\" style=\"flex-basis:33.34%\">\n<p><strong>Stadtteilerkundung 60 plus<\/strong><br><strong>Dienstag, 6. September<br>10 &#8211; 16 Uhr<\/strong><br>Treffpunkt im steeedt:<br>Kulturzentrum Eidelstedt\/ B\u00fccherhalle<br><strong>Kontakt und Anmeldung:<\/strong> Stefanie Janssen<br>&#8222;Mittenmang in Eidelstedt&#8220;<br>Tel.: 040 30620 339<br>janssen@diakonie-hamburg.de<br><\/p>\n<\/div>\n\n\n\n<div class=\"wp-block-column is-layout-flow wp-block-column-is-layout-flow\" style=\"flex-basis:33.33%\">\n<p><strong>Stadtteilerkundung 60 plus<\/strong><br>\u00c4lterwerden ist nichts fu\u0308r Feiglinge? Zusammen geht es auf jeden Fall leichter. Wir laden Sie ein, Orte, Menschen und Wege kennen zu lernen, an denen sich Menschen ab 60 treffen und ihre Freizeit gestalten k\u00f6nnen. <span><a onclick=\"read_toggle(71842882, 'Mehr anzeigen', 'Weniger anzeigen'); return false;\" class=\"read-link\" id=\"readlink71842882\" style=\"readlink\" href=\"#\">Mehr anzeigen<\/a><\/span>\n<div class=\"read_div\" id=\"read71842882\" style=\"display: none;\"><br>Es geht los mit einer Fu\u0308hrung durch das neue Bu\u0308rgerhaus und den Bu\u0308cherhallen im \u201esteedt\u201c. Weiter geht es zum neuen Quartier an der Oliver-Li\u00dfy-Stra\u00dfe mit Besuchen bei \u201eKirche&#8220; und dem \u201eLi\u00dfy-Haus\u201c mit Mittagsimbiss im \u201eCaf\u00e9 am Park\u201c. Gest\u00e4rkt geht es weiter zum \u201eReeWie-Haus\u201c. Es erwarten uns dann weitere Begegnungen mit Kaffee und Kuchen in der \u201eElisabethkirche\u201c und Aktionen des \u201eHamburger Sportbundes\u201c, des \u201eSportvereins Eidelstedt\u201c sowie des \u201eBu\u0308rgervereins Eidelstedt\u201c. Sie k\u00f6nnen auch nur an Teilstrecken teilnehmen:<br>Start 10.00 Uhr im steeedt:<br>11.30 Uhr Kirche.\/ Projekt Mittenmang in Eidelstedt<br>12.00 Uhr Li\u00dfy-Haus<br>13.30 Uhr ReeWie-Haus<br>14.30 Uhr Elisabethkirche\/ Bu\u0308rgerverein\/ Hamburger Sportbund<br>16.00 Uhr Sportverein Eidelstedt <br>\u00c4nderungen vorbehalten.<br>Einzelheiten entnehmen Sie bitte dem Programm, das in Ku\u0308rze im Rahmen der Eidelstedter Gesundheitstage ver\u00f6ffentlicht wird.<\/div><\/p>\n<\/div>\n<\/div>\n\n\n\n<div class=\"wp-block-columns is-layout-flex wp-container-core-columns-is-layout-9d6595d7 wp-block-columns-is-layout-flex\">\n<div class=\"wp-block-column is-layout-flow wp-block-column-is-layout-flow\" style=\"flex-basis:33.34%\">\n<figure class=\"wp-block-image size-full is-resized\"><img loading=\"lazy\" decoding=\"async\" src=\"https:\/\/eidelstedter-buergerverein.de\/wp-content\/uploads\/2018\/09\/theater_rund-e1648556585581.png\" alt=\"\" class=\"wp-image-7123\" width=\"225\" height=\"225\"\/><\/figure>\n<\/div>\n\n\n\n<div class=\"wp-block-column is-layout-flow wp-block-column-is-layout-flow\" style=\"flex-basis:33.34%\">\n<p>&#8222;<strong>Ganze Kerle&#8220;<br>Eine Travestie-Show<\/strong><br><strong>Sonnabend 24. September<br>20 Uhr<\/strong><br>Kellertheater<br>Johannes-Brahms-Platz 1<br>Mitglieder 10 \u20ac<br>G\u00e4ste 14 \u20ac<br>Kontakt: Ursula Kleinfeld<br>info@eidelstedter-buergerverein.de oder<br>0178 53 27 068<a href=\"Kontakt: Gudrun SchreiberTel.: 0160 91 92 85 52\"><br><\/a><\/p>\n<\/div>\n\n\n\n<div class=\"wp-block-column is-layout-flow wp-block-column-is-layout-flow\" style=\"flex-basis:33.33%\">\n<p><strong>\u201eGanze Kerle\u201c<\/strong><br>Sam, Paul, George und Manuel arbeiten bei einem kanadischen Paket-Versand als Paketzusteller. Sie sind mit der Zeit zu echten Freunden geworden. Jeden Abend treffen sie sich nach Feierabend in Rosies Pub. <span><a onclick=\"read_toggle(1324805060, 'Mehr anzeigen', 'Weniger anzeigen'); return false;\" class=\"read-link\" id=\"readlink1324805060\" style=\"readlink\" href=\"#\">Mehr anzeigen<\/a><\/span>\n<div class=\"read_div\" id=\"read1324805060\" style=\"display: none;\">Als die M\u00e4nner erfahren, dass die Tochter von ihrem Boss Frank wegen einer Augenerkrankung zu erblinden droht, wollen sie die erforderlichen 20.000 Dollar fu\u0308r die OP sammeln.<br>Sie hecken einen Plan aus: eine Travestie-Show &#8211; ganze Kerle in High Heels und Fummel, mit viel nackter Haut auf der Bu\u0308hne! Die vier M\u00e4nner haben keine Ahnung, worauf sie sich da einlassen\u2026<br>Buch: Kerry Renard (Original \u201eTough Guys\u201c)<br><br><strong>Anmeldung in zwei Schritten<\/strong>:<br>Schritt 1: Melden Sie sich bitte telefonisch bei Gudrun Schreiber an.<br>Schritt 2: \u00dcberweisen Sie den Betrag auf das Konto des B\u00fcrgervereins:<br>SPARDA BANK<br>IBAN DE63 2069 0500 0001 1864 00<br>BIC: GENODEF1S11<br>Verwendungszweck: Ganze Kerle<br>Bitte haben Sie Verst\u00e4ndnis daf\u00fcr, dass wir den Betrag nicht zur\u00fcckerstatten k\u00f6nnen.<\/div><\/p>\n<\/div>\n<\/div>\n\n\n\n<div class=\"wp-block-columns is-layout-flex wp-container-core-columns-is-layout-9d6595d7 wp-block-columns-is-layout-flex\">\n<div class=\"wp-block-column is-layout-flow wp-block-column-is-layout-flow\" style=\"flex-basis:33.34%\">\n<figure class=\"wp-block-image size-full is-resized\"><img loading=\"lazy\" decoding=\"async\" src=\"https:\/\/eidelstedter-buergerverein.de\/wp-content\/uploads\/2022\/07\/471651_web_R_by_Angela-Parszyk_pixelio.de_rund.png\" alt=\"\" class=\"wp-image-15493\" width=\"225\" height=\"225\"\/><figcaption><sup>\u00a9 Angela Parszyk\/pixelio.de<\/sup><\/figcaption><\/figure>\n<\/div>\n\n\n\n<div class=\"wp-block-column is-layout-flow wp-block-column-is-layout-flow\" style=\"flex-basis:33.34%\">\n<p><strong>D\u00e4mmerung in der Feldmark<br>Sonnabend, 20. August<br>19 &#8211; 21 Uhr<\/strong><br><mark style=\"background-color:rgba(0, 0, 0, 0);color:#ba003e\" class=\"has-inline-color\"><strong>Achtung: die aktuelle Ausgabe der &#8222;neunzehnnulleins&#8220; nennt ein falsches Datum<\/strong>!<\/mark><br>Treffpunkt &#8222;Blitzeiche&#8220; im Sola- Bona-Park<br>Mitglieder 5 \u20ac, G\u00e4ste 10 \u20ac, Kinder frei<br><strong>Kontakt:<\/strong> Marie Teske<br>040 430 34 08 oder<br>info@andrea<br>Referentin: Jutta Tschierske<br>zertifizierte Naturp\u00e4dagogin<br><\/p>\n\n\n\n<p><\/p>\n<\/div>\n\n\n\n<div class=\"wp-block-column is-layout-flow wp-block-column-is-layout-flow\" style=\"flex-basis:33.33%\">\n<p><strong>Wenn die Fledermaus erwacht<\/strong><br>Auf dieser zweistu\u0308ndigen \u201eMitmach-Tour\u201c fu\u0308r Familien und Naturbegeisterte durch Park &amp; Feldmark wandern wir gemeinsam, ruhig und \u201en-achtsam\u201c in die beginnende Dunkelheit. Dazu gibt es auch viele aktive Spiele und spannende, neue Sinneserfahrungen fu\u0308r Klein &amp; Gro\u00df. <span><a onclick=\"read_toggle(1512652347, 'Mehr anzeigen', 'Weniger anzeigen'); return false;\" class=\"read-link\" id=\"readlink1512652347\" style=\"readlink\" href=\"#\">Mehr anzeigen<\/a><\/span>\n<div class=\"read_div\" id=\"read1512652347\" style=\"display: none;\"> Wir du\u0308rfen wieder spu\u0308ren, wie wohltuend die Dunkelheit drau\u00dfen in der Natur sein kann, welche Tiere zur D\u00e4mmerung aktiv werden und was es alles ohne (Taschenlampen-)St\u00f6r-Lichter zu entdecken gibt.<br>Wir entdecken Schleichg\u00e4nge, Grillenges\u00e4nge und Vogelrufe, Flederm\u00e4use und die Du\u0308fte der Dunkelheit. Alle D\u00e4mmerung-Fans und Freunde der Nacht sind herzlich willkommen!<br><strong>Ausru\u0308stung: Wer hat: Fernglas (lichtstark), Outdoor-Sitzkissen, Taschenlampen nur fu\u0308r den Notfall, wetterangepasste Kleidung und Schuhe, Mu\u0308ckenschutz.<\/strong><\/div><\/p>\n\n\n\n<p><\/p>\n<\/div>\n<\/div>\n\n\n\n<div class=\"wp-block-columns is-layout-flex wp-container-core-columns-is-layout-9d6595d7 wp-block-columns-is-layout-flex\">\n<div class=\"wp-block-column is-layout-flow wp-block-column-is-layout-flow\" style=\"flex-basis:33.34%\">\n<figure class=\"wp-block-image size-full is-resized\"><img loading=\"lazy\" decoding=\"async\" src=\"https:\/\/eidelstedter-buergerverein.de\/wp-content\/uploads\/2022\/07\/699818_web_R_by_Andreas-Hermsdorf_pixelio.de_.png\" alt=\"\" class=\"wp-image-15495\" width=\"225\" height=\"225\"\/><figcaption><sup>\u00a9 Andreas Hermsdorf\/pixelio.de<\/sup><\/figcaption><\/figure>\n<\/div>\n\n\n\n<div class=\"wp-block-column is-layout-flow wp-block-column-is-layout-flow\" style=\"flex-basis:33.34%\">\n<p><strong>Das 1 x 1 des Geldes<br>Dienstag, 27. September<br>19 Uhr<\/strong><br>Infoabend in Kooperation mit der Haspa<br>Kulturhaus Eidelstedt, Raum 1<br>Alte Elbgaustra\u00dfe 12<br>Eintritt frei<br><\/p>\n<\/div>\n\n\n\n<div class=\"wp-block-column is-layout-flow wp-block-column-is-layout-flow\" style=\"flex-basis:33.33%\">\n<p><strong>Das 1 x 1 des Geldes<\/strong><br>In Zeiten von Inflation, explodierenden Preisen fu\u0308r Lebensmittel und Energie und genereller Unsicherheit kommen Fragen auf. Alles h\u00e4ngt mit allem zusammen \u2013 das ist klar. Aber wie genau?<br><span><a onclick=\"read_toggle(617726293, 'Mehr anzeigen', 'Weniger anzeigen'); return false;\" class=\"read-link\" id=\"readlink617726293\" style=\"readlink\" href=\"#\">Mehr anzeigen<\/a><\/span>\n<div class=\"read_div\" id=\"read617726293\" style=\"display: none;\">Auch das kleinste Sparguthaben, das fu\u0308r die Altersvorsorge oder fu\u0308r die Kinder angelegt wurde, ist betroffen.<br>Wie verh\u00e4lt man sich klug in dieser Situation? Welche Fehler sollte man vermeiden, welche Strategie ist sinnvoll?<br>Und keine Bange; dies ist keine Verkaufsveranstaltung.<br>Ihre Fragen beantwortet Referent<br>Ilja Schr\u00f6ter, Anlageberater<\/div><\/p>\n<\/div>\n<\/div>\n\n\n\n<hr class=\"wp-block-separator has-css-opacity\"\/>\n","protected":false},"excerpt":{"rendered":"<p>De PlattsnakkerAb 13. Juli jeden 2. Mittwoch im Monat19 UhrGemeindehaus ElisabethkircheSeniorentreff, 1. StockKlaus-Peter Schulze040 571 93 466ebv-plattsnacker@t-online.de Wi snackt platt!Wi, de Plattsnacker, su\u0308nd een lu\u0308tten Krink un drapt uns jeeden tweeten Middeweken inMaand, Klock s\u00f6ben in Gemeendhuus vunde Elisabeth-Kark. Wi &hellip; <a href=\"https:\/\/eidelstedter-buergerverein.de\/?page_id=15468\">Weiterlesen <span class=\"meta-nav\">&rarr;<\/span><\/a><\/p>\n","protected":false},"author":2,"featured_media":0,"parent":0,"menu_order":0,"comment_status":"closed","ping_status":"closed","template":"full-width-page.php","meta":{"footnotes":""},"class_list":["post-15468","page","type-page","status-publish","hentry"],"_links":{"self":[{"href":"https:\/\/eidelstedter-buergerverein.de\/index.php?rest_route=\/wp\/v2\/pages\/15468","targetHints":{"allow":["GET"]}}],"collection":[{"href":"https:\/\/eidelstedter-buergerverein.de\/index.php?rest_route=\/wp\/v2\/pages"}],"about":[{"href":"https:\/\/eidelstedter-buergerverein.de\/index.php?rest_route=\/wp\/v2\/types\/page"}],"author":[{"embeddable":true,"href":"https:\/\/eidelstedter-buergerverein.de\/index.php?rest_route=\/wp\/v2\/users\/2"}],"replies":[{"embeddable":true,"href":"https:\/\/eidelstedter-buergerverein.de\/index.php?rest_route=%2Fwp%2Fv2%2Fcomments&post=15468"}],"version-history":[{"count":31,"href":"https:\/\/eidelstedter-buergerverein.de\/index.php?rest_route=\/wp\/v2\/pages\/15468\/revisions"}],"predecessor-version":[{"id":15680,"href":"https:\/\/eidelstedter-buergerverein.de\/index.php?rest_route=\/wp\/v2\/pages\/15468\/revisions\/15680"}],"wp:attachment":[{"href":"https:\/\/eidelstedter-buergerverein.de\/index.php?rest_route=%2Fwp%2Fv2%2Fmedia&parent=15468"}],"curies":[{"name":"wp","href":"https:\/\/api.w.org\/{rel}","templated":true}]}}